{"id":26,"date":"2024-04-29T12:56:34","date_gmt":"2024-04-29T12:56:34","guid":{"rendered":"https:\/\/digitalvogon.com\/?page_id=26"},"modified":"2025-08-20T11:39:21","modified_gmt":"2025-08-20T11:39:21","slug":"accueil","status":"publish","type":"page","link":"https:\/\/digitalvogon.com\/","title":{"rendered":"Accueil"},"content":{"rendered":"<p>[et_pb_section fb_built=\u00a0\u00bb1&Prime; _builder_version=\u00a0\u00bb4.27.4&Prime; _module_preset=\u00a0\u00bbdefault\u00a0\u00bb min_height=\u00a0\u00bb1043.9px\u00a0\u00bb custom_margin=\u00a0\u00bb||-43px|||\u00a0\u00bb global_colors_info=\u00a0\u00bb{}\u00a0\u00bb][et_pb_row _builder_version=\u00a0\u00bb4.27.4&Prime; _module_preset=\u00a0\u00bbdefault\u00a0\u00bb global_colors_info=\u00a0\u00bb{}\u00a0\u00bb][et_pb_column type=\u00a0\u00bb4_4&Prime; _builder_version=\u00a0\u00bb4.27.4&Prime; _module_preset=\u00a0\u00bbdefault\u00a0\u00bb global_colors_info=\u00a0\u00bb{}\u00a0\u00bb][et_pb_text _builder_version=\u00a0\u00bb4.27.4&Prime; _module_preset=\u00a0\u00bbdefault\u00a0\u00bb global_colors_info=\u00a0\u00bb{}\u00a0\u00bb]<\/p>\n<h1 style=\"text-align: center;\"><strong><em>Beans! (2025)<\/em><\/strong><\/h1>\n<p>[\/et_pb_text][\/et_pb_column][\/et_pb_row][et_pb_row column_structure=\u00a0\u00bb1_2,1_2&Prime; _builder_version=\u00a0\u00bb4.27.4&Prime; _module_preset=\u00a0\u00bbdefault\u00a0\u00bb global_colors_info=\u00a0\u00bb{}\u00a0\u00bb][et_pb_column type=\u00a0\u00bb1_2&Prime; _builder_version=\u00a0\u00bb4.27.4&Prime; _module_preset=\u00a0\u00bbdefault\u00a0\u00bb global_colors_info=\u00a0\u00bb{}\u00a0\u00bb][et_pb_text _builder_version=\u00a0\u00bb4.27.4&Prime; _module_preset=\u00a0\u00bbdefault\u00a0\u00bb global_colors_info=\u00a0\u00bb{}\u00a0\u00bb]<\/p>\n<p style=\"text-align: center;\"><em>Court-m\u00e9trage de 26 mn tourn\u00e9 en fran\u00e7ais\u00a0<\/em><\/p>\n<p style=\"text-align: center;\">Ecrit et r\u00e9alis\u00e9 par Nicolas Botti<\/p>\n<p style=\"text-align: center;\"><em>Synopsis : Dans un futur proche, un homme solitaire vivant seul dans les bois re\u00e7oit la visite d&rsquo;un vendeur pr\u00eat \u00e0 lui vendre n&rsquo;importe quoi en \u00e9change de ses boites de baked beans<\/em><\/p>\n<p style=\"text-align: center;\">\/<\/p>\n<h6 style=\"text-align: center;\">Produit par\u00a0 Digital Vogon. Tous droits r\u00e9serv\u00e9s<\/h6>\n<p>[\/et_pb_text][\/et_pb_column][et_pb_column type=\u00a0\u00bb1_2&Prime; _builder_version=\u00a0\u00bb4.27.4&Prime; _module_preset=\u00a0\u00bbdefault\u00a0\u00bb global_colors_info=\u00a0\u00bb{}\u00a0\u00bb][et_pb_text _builder_version=\u00a0\u00bb4.27.4&Prime; _module_preset=\u00a0\u00bbdefault\u00a0\u00bb hover_enabled=\u00a0\u00bb0&Prime; global_colors_info=\u00a0\u00bb{}\u00a0\u00bb sticky_enabled=\u00a0\u00bb0&Prime;]<\/p>\n<p style=\"text-align: center;\">Short (26 mn, french with optional english subtitles)<\/p>\n<p style=\"text-align: center;\">Written and directed by Nicolas Botti<\/p>\n<div class=\"project-information-tabs\">\n<div class=\"tab-section\">\n<div class=\"tabs\">\n<div class=\"tab active clearfix\" data-tab=\"overview\">\n<div class=\"project-details press-kit HACK-removeParagraphMargin\">\n<p style=\"text-align: center;\"><em>Synopsis : In a near future, a solitary man, living on his own in the woods, has an unexpected visit from a salesman trying to sell him anything in exchange of a few of his baked bean tins<\/em><\/p>\n<p style=\"text-align: center;\">\/<\/p>\n<\/div>\n<\/div>\n<\/div>\n<\/div>\n<\/div>\n<h6 style=\"text-align: center;\">Produced by Digital Vogon. All rights reserved<\/h6>\n<p>[\/et_pb_text][\/et_pb_column][\/et_pb_row][et_pb_row _builder_version=\u00a0\u00bb4.27.4&Prime; _module_preset=\u00a0\u00bbdefault\u00a0\u00bb global_colors_info=\u00a0\u00bb{}\u00a0\u00bb][et_pb_column type=\u00a0\u00bb4_4&Prime; _builder_version=\u00a0\u00bb4.27.4&Prime; _module_preset=\u00a0\u00bbdefault\u00a0\u00bb global_colors_info=\u00a0\u00bb{}\u00a0\u00bb][et_pb_video src=\u00a0\u00bbhttps:\/\/digitalvogon.com\/wp-content\/uploads\/2025\/08\/Beans%20%282025%29%20vdef%20copie.mp4&Prime; image_src=\u00a0\u00bbhttps:\/\/digitalvogon.com\/wp-content\/uploads\/2025\/08\/thumb.jpg\u00a0\u00bb _builder_version=\u00a0\u00bb4.27.4&Prime; _module_preset=\u00a0\u00bbdefault\u00a0\u00bb global_colors_info=\u00a0\u00bb{}\u00a0\u00bb][\/et_pb_video][et_pb_divider _builder_version=\u00a0\u00bb4.27.4&Prime; _module_preset=\u00a0\u00bbdefault\u00a0\u00bb global_colors_info=\u00a0\u00bb{}\u00a0\u00bb][\/et_pb_divider][\/et_pb_column][\/et_pb_row][et_pb_row _builder_version=\u00a0\u00bb4.27.4&Prime; _module_preset=\u00a0\u00bbdefault\u00a0\u00bb global_colors_info=\u00a0\u00bb{}\u00a0\u00bb][et_pb_column type=\u00a0\u00bb4_4&Prime; _builder_version=\u00a0\u00bb4.27.4&Prime; _module_preset=\u00a0\u00bbdefault\u00a0\u00bb global_colors_info=\u00a0\u00bb{}\u00a0\u00bb][et_pb_text _builder_version=\u00a0\u00bb4.27.4&Prime; _module_preset=\u00a0\u00bbdefault\u00a0\u00bb global_colors_info=\u00a0\u00bb{}\u00a0\u00bb]<\/p>\n<h1 style=\"text-align: center;\">Qui sommes-nous ? \/ About Us<\/h1>\n<p>[\/et_pb_text][et_pb_text _builder_version=\u00a0\u00bb4.27.4&Prime; _module_preset=\u00a0\u00bbdefault\u00a0\u00bb global_colors_info=\u00a0\u00bb{}\u00a0\u00bb]<\/p>\n<p style=\"text-align: center;\"><em>Digital Vogon est une petite maison de production fran\u00e7aise bas\u00e9e en Normandie<\/em><\/p>\n<p style=\"text-align: center;\">\/<\/p>\n<p style=\"text-align: center;\"><em>Digital Vogon is a small french production company based in Normandy<\/em><\/p>\n<p>[\/et_pb_text][et_pb_image src=\u00a0\u00bbhttps:\/\/digitalvogon.com\/wp-content\/uploads\/2024\/04\/Digital-Vogon-logo-150&#215;150.png\u00a0\u00bb title_text=\u00a0\u00bbDigital Vogon logo\u00a0\u00bb align=\u00a0\u00bbcenter\u00a0\u00bb _builder_version=\u00a0\u00bb4.27.4&Prime; _module_preset=\u00a0\u00bbdefault\u00a0\u00bb global_colors_info=\u00a0\u00bb{}\u00a0\u00bb][\/et_pb_image][et_pb_text _builder_version=\u00a0\u00bb4.27.4&Prime; _module_preset=\u00a0\u00bbdefault\u00a0\u00bb text_text_color=\u00a0\u00bb#FFFFFF\u00a0\u00bb background_color=\u00a0\u00bb#FFFFFF\u00a0\u00bb global_colors_info=\u00a0\u00bb{}\u00a0\u00bb]<\/p>\n<h5 style=\"text-align: center;\"><em>Digital Vogon, 2025<\/em><\/h5>\n<p>[\/et_pb_text][\/et_pb_column][\/et_pb_row][\/et_pb_section]<\/p>\n","protected":false},"excerpt":{"rendered":"<p>Beans! (2025)Court-m\u00e9trage de 26 mn tourn\u00e9 en fran\u00e7ais\u00a0 Ecrit et r\u00e9alis\u00e9 par Nicolas Botti Synopsis : Dans un futur proche, un homme solitaire vivant seul dans les bois re\u00e7oit la visite d&rsquo;un vendeur pr\u00eat \u00e0 lui vendre n&rsquo;importe quoi en \u00e9change de ses boites de baked beans \/ Produit par\u00a0 Digital Vogon. Tous droits r\u00e9serv\u00e9sShort [&hellip;]<\/p>\n","protected":false},"author":1,"featured_media":14,"parent":0,"menu_order":0,"comment_status":"closed","ping_status":"closed","template":"","meta":{"_et_pb_use_builder":"on","_et_pb_old_content":"","_et_gb_content_width":"","footnotes":""},"class_list":["post-26","page","type-page","status-publish","has-post-thumbnail","hentry"],"_links":{"self":[{"href":"https:\/\/digitalvogon.com\/index.php\/wp-json\/wp\/v2\/pages\/26","targetHints":{"allow":["GET"]}}],"collection":[{"href":"https:\/\/digitalvogon.com\/index.php\/wp-json\/wp\/v2\/pages"}],"about":[{"href":"https:\/\/digitalvogon.com\/index.php\/wp-json\/wp\/v2\/types\/page"}],"author":[{"embeddable":true,"href":"https:\/\/digitalvogon.com\/index.php\/wp-json\/wp\/v2\/users\/1"}],"replies":[{"embeddable":true,"href":"https:\/\/digitalvogon.com\/index.php\/wp-json\/wp\/v2\/comments?post=26"}],"version-history":[{"count":44,"href":"https:\/\/digitalvogon.com\/index.php\/wp-json\/wp\/v2\/pages\/26\/revisions"}],"predecessor-version":[{"id":159,"href":"https:\/\/digitalvogon.com\/index.php\/wp-json\/wp\/v2\/pages\/26\/revisions\/159"}],"wp:featuredmedia":[{"embeddable":true,"href":"https:\/\/digitalvogon.com\/index.php\/wp-json\/wp\/v2\/media\/14"}],"wp:attachment":[{"href":"https:\/\/digitalvogon.com\/index.php\/wp-json\/wp\/v2\/media?parent=26"}],"curies":[{"name":"wp","href":"https:\/\/api.w.org\/{rel}","templated":true}]}}